{"id":79,"date":"2016-03-25T14:37:49","date_gmt":"2016-03-25T13:37:49","guid":{"rendered":"http:\/\/escaffre.com\/wordpress\/?page_id=79"},"modified":"2016-04-05T18:15:44","modified_gmt":"2016-04-05T17:15:44","slug":"exhibition","status":"publish","type":"page","link":"http:\/\/escaffre.com\/index.php\/biographie\/exhibition\/","title":{"rendered":"Exhibition"},"content":{"rendered":"<figure id=\"attachment_81\" aria-describedby=\"caption-attachment-81\" style=\"width: 640px\" class=\"wp-caption aligncenter\"><img loading=\"lazy\" decoding=\"async\" class=\"wp-image-81 size-large\" src=\"http:\/\/escaffre.com\/wp-content\/uploads\/2016\/03\/montage1-1024x693.png\" alt=\"diff\u00e9rents lieux\" width=\"640\" height=\"433\" srcset=\"http:\/\/escaffre.com\/wp-content\/uploads\/2016\/03\/montage1-1024x693.png 1024w, http:\/\/escaffre.com\/wp-content\/uploads\/2016\/03\/montage1-300x203.png 300w, http:\/\/escaffre.com\/wp-content\/uploads\/2016\/03\/montage1-768x520.png 768w, http:\/\/escaffre.com\/wp-content\/uploads\/2016\/03\/montage1.png 1800w\" sizes=\"auto, (max-width: 640px) 100vw, 640px\" \/><figcaption id=\"caption-attachment-81\" class=\"wp-caption-text\">Sur l\u2019espace public de droite \u00e0 gauche Cambo les bains, Noisy le Grand, Thuir, Saint Jean de Luz, Montpellier, Portes ouverte Galerie.<\/figcaption><\/figure>\n<p>&nbsp;<\/p>\n<hr \/>\n<h3>\u00a0<strong>2\u00e8me Rencontre de la Pierre 2009<\/strong><\/h3>\n<figure id=\"attachment_87\" aria-describedby=\"caption-attachment-87\" style=\"width: 225px\" class=\"wp-caption alignright\"><img loading=\"lazy\" decoding=\"async\" class=\"wp-image-87 size-medium\" src=\"http:\/\/escaffre.com\/wp-content\/uploads\/2016\/03\/arras-en-225x300.jpg\" alt=\"Fin du symposium\" width=\"225\" height=\"300\" srcset=\"http:\/\/escaffre.com\/wp-content\/uploads\/2016\/03\/arras-en-225x300.jpg 225w, http:\/\/escaffre.com\/wp-content\/uploads\/2016\/03\/arras-en.jpg 576w\" sizes=\"auto, (max-width: 225px) 100vw, 225px\" \/><figcaption id=\"caption-attachment-87\" class=\"wp-caption-text\">Fin du symposium<\/figcaption><\/figure>\n<p>F\u00c9MINIT\u00c9 PYR\u00c9N\u00c9ENE<br \/>\n2\u00e9me Rencontre de la Pierre 2009<br \/>\nOrganis\u00e9es par l\u2019Abbadiale \u00e0 ARRAS EN LAVEDAN Htes Pyr\u00e9n\u00e9es.<br \/>\nCinq sculpteurs, r\u00e9unis en un m\u00eame lieu, ont r\u00e9alis\u00e9 chacun deux oeuvres dans un bloc de pierre d\u2019Arudy sur le th\u00e8me<br \/>\n\u00ab\u00a0L\u00e9gendes de pierres \u2013 Peiras de Legendas\u00a0\u00bb<br \/>\nF\u00e9minit\u00e9 Pyr\u00e9n\u00e9enne (formes courbes et voluptueuses repr\u00e9sentant nos horizons Pyr\u00e9n\u00e9ens blocs de 100 \u2013 30 \u2013 30 cm)<br \/>\nCes deux sculptures sont r\u00e9alis\u00e9es de fa\u00e7on que l\u2019une soit l\u2019empreinte de l\u2019autre aussi bien de face que de profil<\/p>\n<p>&nbsp;<\/p>\n<p>&nbsp;<\/p>\n<p>&nbsp;<\/p>\n<hr \/>\n<p>&nbsp;<\/p>\n<h3>MIROIR D\u2019EAU<\/h3>\n<p>Les Hameaux de SupAgro \u00e0 Montpellier.<br \/>\nSculpture \u00e9rig\u00e9e dans la r\u00e9sidence pour animer l&rsquo;espace et scander la composition architecturale.<br \/>\nA l&rsquo;entr\u00e9e une sculpture en marbre d&rsquo;Arudy de 300 &#8211; 140 &#8211; 110 cm.<\/p>\n<div id='gallery-1' class='gallery galleryid-79 gallery-columns-4 gallery-size-thumbnail'><figure class='gallery-item'>\n\t\t\t<div class='gallery-icon portrait'>\n\t\t\t\t<a href='http:\/\/escaffre.com\/index.php\/biographie\/exhibition\/pict0022\/'><img loading=\"lazy\" decoding=\"async\" width=\"150\" height=\"150\" src=\"http:\/\/escaffre.com\/wp-content\/uploads\/2016\/03\/PICT0022-150x150.jpg\" class=\"attachment-thumbnail size-thumbnail\" alt=\"installation sculpture\" aria-describedby=\"gallery-1-97\" \/><\/a>\n\t\t\t<\/div>\n\t\t\t\t<figcaption class='wp-caption-text gallery-caption' id='gallery-1-97'>\n\t\t\t\tInstallation\n\t\t\t\t<\/figcaption><\/figure><figure class='gallery-item'>\n\t\t\t<div class='gallery-icon portrait'>\n\t\t\t\t<a href='http:\/\/escaffre.com\/index.php\/biographie\/exhibition\/pict0026\/'><img loading=\"lazy\" decoding=\"async\" width=\"150\" height=\"150\" src=\"http:\/\/escaffre.com\/wp-content\/uploads\/2016\/03\/PICT0026-150x150.jpg\" class=\"attachment-thumbnail size-thumbnail\" alt=\"intallation avec grue termin\u00e9e\" aria-describedby=\"gallery-1-98\" \/><\/a>\n\t\t\t<\/div>\n\t\t\t\t<figcaption class='wp-caption-text gallery-caption' id='gallery-1-98'>\n\t\t\t\tFin d&rsquo;intallation\n\t\t\t\t<\/figcaption><\/figure><figure class='gallery-item'>\n\t\t\t<div class='gallery-icon portrait'>\n\t\t\t\t<a href='http:\/\/escaffre.com\/index.php\/biographie\/exhibition\/ensa\/'><img loading=\"lazy\" decoding=\"async\" width=\"150\" height=\"150\" src=\"http:\/\/escaffre.com\/wp-content\/uploads\/2016\/03\/ensa-150x150.jpg\" class=\"attachment-thumbnail size-thumbnail\" alt=\"Nenettoyage apres mise en place\" aria-describedby=\"gallery-1-96\" \/><\/a>\n\t\t\t<\/div>\n\t\t\t\t<figcaption class='wp-caption-text gallery-caption' id='gallery-1-96'>\n\t\t\t\tNettoyage\n\t\t\t\t<\/figcaption><\/figure><figure class='gallery-item'>\n\t\t\t<div class='gallery-icon portrait'>\n\t\t\t\t<a href='http:\/\/escaffre.com\/index.php\/biographie\/exhibition\/ensa-v\/'><img loading=\"lazy\" decoding=\"async\" width=\"150\" height=\"150\" src=\"http:\/\/escaffre.com\/wp-content\/uploads\/2016\/03\/ensa-v-150x150.jpg\" class=\"attachment-thumbnail size-thumbnail\" alt=\"Fin\" aria-describedby=\"gallery-1-95\" \/><\/a>\n\t\t\t<\/div>\n\t\t\t\t<figcaption class='wp-caption-text gallery-caption' id='gallery-1-95'>\n\t\t\t\tFin de mise en place\n\t\t\t\t<\/figcaption><\/figure>\n\t\t<\/div>\n\n<hr \/>\n<p>&nbsp;<\/p>\n<h3>ST\u00c9LE D\u00c9DI\u00c9E \u00c0 MICHEL LABEGUERIE<\/h3>\n<figure id=\"attachment_220\" aria-describedby=\"caption-attachment-220\" style=\"width: 500px\" class=\"wp-caption aligncenter\"><img loading=\"lazy\" decoding=\"async\" class=\"size-full wp-image-220\" src=\"http:\/\/escaffre.com\/wp-content\/uploads\/2016\/03\/cambo.jpg\" alt=\"sculpture marbre rouge\" width=\"500\" height=\"435\" srcset=\"http:\/\/escaffre.com\/wp-content\/uploads\/2016\/03\/cambo.jpg 500w, http:\/\/escaffre.com\/wp-content\/uploads\/2016\/03\/cambo-300x261.jpg 300w\" sizes=\"auto, (max-width: 500px) 100vw, 500px\" \/><figcaption id=\"caption-attachment-220\" class=\"wp-caption-text\">Hommage \u00e0 Michel Labeguerie<\/figcaption><\/figure>\n<p style=\"text-align: center;\">Commande publique sur concours pour honorer un po\u00e8te Basque.<br \/>\nOEuvre mise en place dans le parc municipal Saint Joseph en 2005.<br \/>\nMarbre rouge de Montjoi avec socle en marbre d\u2019Arudy Paloma<br \/>\nDimensions : 300 &#8211; 110 &#8211; 100 cm<br \/>\n\u201c Michel Labeguerie omenez zuri\u00a0\u00bb<br \/>\n\u201cCollection publique, ville de Cambo-les-Bains (Pyr\u00e9n\u00e9es Atlantiques)<\/p>\n<p>&nbsp;<\/p>\n<p>&nbsp;<\/p>\n<p>&nbsp;<\/p>\n<p>&nbsp;<\/p>\n<p>&nbsp;<\/p>\n<p><!--nextpage--><\/p>\n<h3>L\u2019EAU C\u2019EST LA VIE . . .<\/h3>\n<figure id=\"attachment_223\" aria-describedby=\"caption-attachment-223\" style=\"width: 374px\" class=\"wp-caption aligncenter\"><img loading=\"lazy\" decoding=\"async\" class=\"size-full wp-image-223\" src=\"http:\/\/escaffre.com\/wp-content\/uploads\/2016\/03\/leau-cest-1.jpg\" alt=\"sculpture marbre d'arudy\" width=\"374\" height=\"500\" srcset=\"http:\/\/escaffre.com\/wp-content\/uploads\/2016\/03\/leau-cest-1.jpg 374w, http:\/\/escaffre.com\/wp-content\/uploads\/2016\/03\/leau-cest-1-224x300.jpg 224w\" sizes=\"auto, (max-width: 374px) 100vw, 374px\" \/><figcaption id=\"caption-attachment-223\" class=\"wp-caption-text\">L&rsquo;eau c&rsquo;est la vie<\/figcaption><\/figure>\n<p style=\"text-align: center;\">Premier symposium de sculpture sur roches des Pyr\u00e9n\u00e9es \u00e0 Saint P\u00e9e sur Nivelle 2008<\/p>\n<p style=\"text-align: center;\">Marbre Sainte Anne granit\u00e9, dimensions : 250 &#8211; 90 &#8211; 60 cm<br \/>\nLes solides de Platon \u00ab\u00a0Le cube symbole de la terre<br \/>\n\u00ab\u00a0.L&rsquo;eau passe au travers afin de se purifier \u00ab\u00a0<\/p>\n<p style=\"text-align: center;\">Emplacement actuel Parc des berges de la Nivelle<\/p>\n<p>&nbsp;<\/p>\n<hr \/>\n<p>&nbsp;<\/p>\n<h3>COLONNE DE THUIR<\/h3>\n<figure id=\"attachment_228\" aria-describedby=\"caption-attachment-228\" style=\"width: 275px\" class=\"wp-caption aligncenter\"><img loading=\"lazy\" decoding=\"async\" class=\"size-full wp-image-228\" src=\"http:\/\/escaffre.com\/wp-content\/uploads\/2016\/03\/thuir.jpg\" alt=\"sculpture en pierre de Thuir\" width=\"275\" height=\"500\" srcset=\"http:\/\/escaffre.com\/wp-content\/uploads\/2016\/03\/thuir.jpg 275w, http:\/\/escaffre.com\/wp-content\/uploads\/2016\/03\/thuir-165x300.jpg 165w\" sizes=\"auto, (max-width: 275px) 100vw, 275px\" \/><figcaption id=\"caption-attachment-228\" class=\"wp-caption-text\">Colonne de Thuir<\/figcaption><\/figure>\n<p style=\"text-align: center;\">OEuvre r\u00e9alis\u00e9e lors du 1 er symposium de<br \/>\nsculpture en 2005 \u00e0 THUIR (Pyr\u00e9n\u00e9es Orientales).<br \/>\nTravail en puplic dans un but p\u00e9dagogique<br \/>\nPierre de Thuir Dimensions : 150 &#8211; 50 &#8211; 50 cm.<br \/>\nCollection publique ville de Thuir<\/p>\n<hr \/>\n<p>&nbsp;<\/p>\n<h3>\u00c9VASION<\/h3>\n<figure id=\"attachment_232\" aria-describedby=\"caption-attachment-232\" style=\"width: 650px\" class=\"wp-caption aligncenter\"><img loading=\"lazy\" decoding=\"async\" class=\"size-full wp-image-232\" src=\"http:\/\/escaffre.com\/wp-content\/uploads\/2016\/03\/evasion.jpg\" alt=\"sculpture marbre d'Arudy\" width=\"650\" height=\"531\" srcset=\"http:\/\/escaffre.com\/wp-content\/uploads\/2016\/03\/evasion.jpg 650w, http:\/\/escaffre.com\/wp-content\/uploads\/2016\/03\/evasion-300x245.jpg 300w, http:\/\/escaffre.com\/wp-content\/uploads\/2016\/03\/evasion-330x270.jpg 330w\" sizes=\"auto, (max-width: 650px) 100vw, 650px\" \/><figcaption id=\"caption-attachment-232\" class=\"wp-caption-text\">Evasion<\/figcaption><\/figure>\n<p style=\"text-align: center;\">OEuvre r\u00e9alis\u00e9e lors du 1er symposium de sculpture de la ville de Biarritz.<br \/>\nMise en place sur la corniche de Bidart face \u00e0 l\u2019oc\u00e9an en 2001 .<br \/>\nMarbre d\u2019Arudy, Paloma Dimensions : 250 &#8211; 60 &#8211; 100 cm.<br \/>\nCollection publique, ville de BIDART (Pyr\u00e9n\u00e9es Atlantiques)..<\/p>\n<hr \/>\n<p>&nbsp;<\/p>\n<h3>R\u00caVE D\u2019UN MONDE NOUVEAU<\/h3>\n<figure id=\"attachment_238\" aria-describedby=\"caption-attachment-238\" style=\"width: 449px\" class=\"wp-caption aligncenter\"><img loading=\"lazy\" decoding=\"async\" class=\"size-full wp-image-238\" src=\"http:\/\/escaffre.com\/wp-content\/uploads\/2016\/03\/reve-dun.jpg\" alt=\"sculpture marbre d'arudy\" width=\"449\" height=\"600\" srcset=\"http:\/\/escaffre.com\/wp-content\/uploads\/2016\/03\/reve-dun.jpg 449w, http:\/\/escaffre.com\/wp-content\/uploads\/2016\/03\/reve-dun-225x300.jpg 225w\" sizes=\"auto, (max-width: 449px) 100vw, 449px\" \/><figcaption id=\"caption-attachment-238\" class=\"wp-caption-text\">R\u00eave d&rsquo;un monde nouveau<\/figcaption><\/figure>\n<p>&nbsp;<\/p>\n<p style=\"text-align: center;\">Sculpture inspir\u00e9e du livre<br \/>\n\u00abVoici le temps d\u2019un monde fini\u00bb d\u2019Albert Jacquard.<br \/>\nMarbre d\u2019Arudy, dimensions : 110 &#8211; 40 &#8211; 30 cm.<br \/>\nCollection publique ville de WOLFRASHAUSEN (Allemagne)<\/p>\n<hr \/>\n<h3 style=\"text-align: left;\">PIERRE TOMBALE<\/h3>\n<figure id=\"attachment_240\" aria-describedby=\"caption-attachment-240\" style=\"width: 546px\" class=\"wp-caption aligncenter\"><img loading=\"lazy\" decoding=\"async\" class=\"size-full wp-image-240\" src=\"http:\/\/escaffre.com\/wp-content\/uploads\/2016\/03\/tombe-en-place.jpg\" alt=\"tombale marbre d'Arudy\" width=\"546\" height=\"600\" srcset=\"http:\/\/escaffre.com\/wp-content\/uploads\/2016\/03\/tombe-en-place.jpg 546w, http:\/\/escaffre.com\/wp-content\/uploads\/2016\/03\/tombe-en-place-273x300.jpg 273w\" sizes=\"auto, (max-width: 546px) 100vw, 546px\" \/><figcaption id=\"caption-attachment-240\" class=\"wp-caption-text\">Tombale<\/figcaption><\/figure>\n<p style=\"text-align: center;\">Marbres d\u2019Arudy Paloma,&amp; rouge turquin du languedoc<br \/>\ndimensions : 200 &#8211; 100 &#8211; 80cm\u00a0 Cette tombale \u00e0 \u00e9t\u00e9 r\u00e9alis\u00e9e pour recevoir de la v\u00e9g\u00e9tation.<br \/>\nCimeti\u00e8re de Vendoeuvres Indre<\/p>\n","protected":false},"excerpt":{"rendered":"<p>&nbsp; \u00a02\u00e8me Rencontre de la Pierre 2009 F\u00c9MINIT\u00c9 PYR\u00c9N\u00c9ENE 2\u00e9me Rencontre de la Pierre 2009 Organis\u00e9es par l\u2019Abbadiale \u00e0 ARRAS EN LAVEDAN Htes&#8230;<\/p>\n","protected":false},"author":1,"featured_media":0,"parent":2,"menu_order":0,"comment_status":"closed","ping_status":"closed","template":"page-full-width.php","meta":{"footnotes":""},"class_list":["post-79","page","type-page","status-publish","hentry"],"_links":{"self":[{"href":"http:\/\/escaffre.com\/index.php\/wp-json\/wp\/v2\/pages\/79","targetHints":{"allow":["GET"]}}],"collection":[{"href":"http:\/\/escaffre.com\/index.php\/wp-json\/wp\/v2\/pages"}],"about":[{"href":"http:\/\/escaffre.com\/index.php\/wp-json\/wp\/v2\/types\/page"}],"author":[{"embeddable":true,"href":"http:\/\/escaffre.com\/index.php\/wp-json\/wp\/v2\/users\/1"}],"replies":[{"embeddable":true,"href":"http:\/\/escaffre.com\/index.php\/wp-json\/wp\/v2\/comments?post=79"}],"version-history":[{"count":28,"href":"http:\/\/escaffre.com\/index.php\/wp-json\/wp\/v2\/pages\/79\/revisions"}],"predecessor-version":[{"id":243,"href":"http:\/\/escaffre.com\/index.php\/wp-json\/wp\/v2\/pages\/79\/revisions\/243"}],"up":[{"embeddable":true,"href":"http:\/\/escaffre.com\/index.php\/wp-json\/wp\/v2\/pages\/2"}],"wp:attachment":[{"href":"http:\/\/escaffre.com\/index.php\/wp-json\/wp\/v2\/media?parent=79"}],"curies":[{"name":"wp","href":"https:\/\/api.w.org\/{rel}","templated":true}]}}