{"id":321,"date":"2016-09-10T17:18:23","date_gmt":"2016-09-10T15:18:23","guid":{"rendered":"http:\/\/escaffre.com\/?page_id=321"},"modified":"2020-08-29T16:32:33","modified_gmt":"2020-08-29T14:32:33","slug":"impression-3d","status":"publish","type":"page","link":"http:\/\/escaffre.com\/index.php\/impression-3d\/","title":{"rendered":"Impression 3d"},"content":{"rendered":"\n<div class=\"wp-block-group\"><div class=\"wp-block-group__inner-container is-layout-flow wp-block-group-is-layout-flow\">\n<div id='gallery-1' class='gallery galleryid-321 gallery-columns-4 gallery-size-thumbnail'><figure class='gallery-item'>\n\t\t\t<div class='gallery-icon landscape'>\n\t\t\t\t<a href='http:\/\/escaffre.com\/index.php\/impression-3d\/croissant-rouge\/'><img loading=\"lazy\" decoding=\"async\" width=\"150\" height=\"150\" src=\"http:\/\/escaffre.com\/wp-content\/uploads\/2020\/08\/croissant-rouge-150x150.jpg\" class=\"attachment-thumbnail size-thumbnail\" alt=\"impressio 3D\" aria-describedby=\"gallery-1-593\" srcset=\"http:\/\/escaffre.com\/wp-content\/uploads\/2020\/08\/croissant-rouge-150x150.jpg 150w, http:\/\/escaffre.com\/wp-content\/uploads\/2020\/08\/croissant-rouge-600x600.jpg 600w\" sizes=\"auto, (max-width: 150px) 100vw, 150px\" \/><\/a>\n\t\t\t<\/div>\n\t\t\t\t<figcaption class='wp-caption-text gallery-caption' id='gallery-1-593'>\n\t\t\t\tCroissant rouge\n\t\t\t\t<\/figcaption><\/figure><figure class='gallery-item'>\n\t\t\t<div class='gallery-icon landscape'>\n\t\t\t\t<a href='http:\/\/escaffre.com\/index.php\/impression-3d\/ellipse-bleu\/'><img loading=\"lazy\" decoding=\"async\" width=\"150\" height=\"150\" src=\"http:\/\/escaffre.com\/wp-content\/uploads\/2020\/08\/ellipse-bleu-150x150.jpg\" class=\"attachment-thumbnail size-thumbnail\" alt=\"impression 3D\" aria-describedby=\"gallery-1-594\" srcset=\"http:\/\/escaffre.com\/wp-content\/uploads\/2020\/08\/ellipse-bleu-150x150.jpg 150w, http:\/\/escaffre.com\/wp-content\/uploads\/2020\/08\/ellipse-bleu-600x600.jpg 600w\" sizes=\"auto, (max-width: 150px) 100vw, 150px\" \/><\/a>\n\t\t\t<\/div>\n\t\t\t\t<figcaption class='wp-caption-text gallery-caption' id='gallery-1-594'>\n\t\t\t\tEllipse bleu\n\t\t\t\t<\/figcaption><\/figure><figure class='gallery-item'>\n\t\t\t<div class='gallery-icon landscape'>\n\t\t\t\t<a href='http:\/\/escaffre.com\/index.php\/impression-3d\/chandelier\/'><img loading=\"lazy\" decoding=\"async\" width=\"150\" height=\"150\" src=\"http:\/\/escaffre.com\/wp-content\/uploads\/2020\/08\/chandelier-150x150.jpg\" class=\"attachment-thumbnail size-thumbnail\" alt=\"impression 3D\" aria-describedby=\"gallery-1-602\" srcset=\"http:\/\/escaffre.com\/wp-content\/uploads\/2020\/08\/chandelier-150x150.jpg 150w, http:\/\/escaffre.com\/wp-content\/uploads\/2020\/08\/chandelier-600x600.jpg 600w\" sizes=\"auto, (max-width: 150px) 100vw, 150px\" \/><\/a>\n\t\t\t<\/div>\n\t\t\t\t<figcaption class='wp-caption-text gallery-caption' id='gallery-1-602'>\n\t\t\t\tl&rsquo;Espoir\n\t\t\t\t<\/figcaption><\/figure><figure class='gallery-item'>\n\t\t\t<div class='gallery-icon portrait'>\n\t\t\t\t<a href='http:\/\/escaffre.com\/index.php\/impression-3d\/confinement\/'><img loading=\"lazy\" decoding=\"async\" width=\"150\" height=\"150\" src=\"http:\/\/escaffre.com\/wp-content\/uploads\/2020\/08\/confinement-150x150.jpg\" class=\"attachment-thumbnail size-thumbnail\" alt=\"impression 3D\" aria-describedby=\"gallery-1-591\" srcset=\"http:\/\/escaffre.com\/wp-content\/uploads\/2020\/08\/confinement-150x150.jpg 150w, http:\/\/escaffre.com\/wp-content\/uploads\/2020\/08\/confinement-600x600.jpg 600w\" sizes=\"auto, (max-width: 150px) 100vw, 150px\" \/><\/a>\n\t\t\t<\/div>\n\t\t\t\t<figcaption class='wp-caption-text gallery-caption' id='gallery-1-591'>\n\t\t\t\tConfinement\n\t\t\t\t<\/figcaption><\/figure><figure class='gallery-item'>\n\t\t\t<div class='gallery-icon landscape'>\n\t\t\t\t<a href='http:\/\/escaffre.com\/index.php\/impression-3d\/profil\/'><img loading=\"lazy\" decoding=\"async\" width=\"150\" height=\"150\" src=\"http:\/\/escaffre.com\/wp-content\/uploads\/2020\/08\/profil-150x150.jpg\" class=\"attachment-thumbnail size-thumbnail\" alt=\"impression 3D\" aria-describedby=\"gallery-1-590\" srcset=\"http:\/\/escaffre.com\/wp-content\/uploads\/2020\/08\/profil-150x150.jpg 150w, http:\/\/escaffre.com\/wp-content\/uploads\/2020\/08\/profil-600x600.jpg 600w\" sizes=\"auto, (max-width: 150px) 100vw, 150px\" \/><\/a>\n\t\t\t<\/div>\n\t\t\t\t<figcaption class='wp-caption-text gallery-caption' id='gallery-1-590'>\n\t\t\t\tProfil\u00e9\n\t\t\t\t<\/figcaption><\/figure><figure class='gallery-item'>\n\t\t\t<div class='gallery-icon portrait'>\n\t\t\t\t<a href='http:\/\/escaffre.com\/index.php\/impression-3d\/erection-1\/'><img loading=\"lazy\" decoding=\"async\" width=\"150\" height=\"150\" src=\"http:\/\/escaffre.com\/wp-content\/uploads\/2020\/03\/erection-1-150x150.jpg\" class=\"attachment-thumbnail size-thumbnail\" alt=\"impression3D\" aria-describedby=\"gallery-1-569\" \/><\/a>\n\t\t\t<\/div>\n\t\t\t\t<figcaption class='wp-caption-text gallery-caption' id='gallery-1-569'>\n\t\t\t\t\u00c9r\u00e9ction\n\t\t\t\t<\/figcaption><\/figure><figure class='gallery-item'>\n\t\t\t<div class='gallery-icon landscape'>\n\t\t\t\t<a href='http:\/\/escaffre.com\/index.php\/impression-3d\/demeure1\/'><img loading=\"lazy\" decoding=\"async\" width=\"150\" height=\"150\" src=\"http:\/\/escaffre.com\/wp-content\/uploads\/2020\/03\/demeure1-150x150.jpg\" class=\"attachment-thumbnail size-thumbnail\" alt=\"\" aria-describedby=\"gallery-1-577\" srcset=\"http:\/\/escaffre.com\/wp-content\/uploads\/2020\/03\/demeure1-150x150.jpg 150w, http:\/\/escaffre.com\/wp-content\/uploads\/2020\/03\/demeure1-300x300.jpg 300w, http:\/\/escaffre.com\/wp-content\/uploads\/2020\/03\/demeure1-768x768.jpg 768w, http:\/\/escaffre.com\/wp-content\/uploads\/2020\/03\/demeure1-600x600.jpg 600w, http:\/\/escaffre.com\/wp-content\/uploads\/2020\/03\/demeure1.jpg 800w\" sizes=\"auto, (max-width: 150px) 100vw, 150px\" \/><\/a>\n\t\t\t<\/div>\n\t\t\t\t<figcaption class='wp-caption-text gallery-caption' id='gallery-1-577'>\n\t\t\t\tDemeure 1\n\t\t\t\t<\/figcaption><\/figure><figure class='gallery-item'>\n\t\t\t<div class='gallery-icon portrait'>\n\t\t\t\t<a href='http:\/\/escaffre.com\/index.php\/impression-3d\/echelum\/'><img loading=\"lazy\" decoding=\"async\" width=\"150\" height=\"150\" src=\"http:\/\/escaffre.com\/wp-content\/uploads\/2020\/03\/echelum-150x150.jpg\" class=\"attachment-thumbnail size-thumbnail\" alt=\"\" aria-describedby=\"gallery-1-578\" \/><\/a>\n\t\t\t<\/div>\n\t\t\t\t<figcaption class='wp-caption-text gallery-caption' id='gallery-1-578'>\n\t\t\t\t\u00c9chelle Lumineuse\n\t\t\t\t<\/figcaption><\/figure><figure class='gallery-item'>\n\t\t\t<div class='gallery-icon portrait'>\n\t\t\t\t<a href='http:\/\/escaffre.com\/index.php\/impression-3d\/anarch\/'><img loading=\"lazy\" decoding=\"async\" width=\"150\" height=\"150\" src=\"http:\/\/escaffre.com\/wp-content\/uploads\/2020\/03\/anarch-150x150.jpg\" class=\"attachment-thumbnail size-thumbnail\" alt=\"\" aria-describedby=\"gallery-1-575\" \/><\/a>\n\t\t\t<\/div>\n\t\t\t\t<figcaption class='wp-caption-text gallery-caption' id='gallery-1-575'>\n\t\t\t\tM\u00e9moire Anarchiste\n\t\t\t\t<\/figcaption><\/figure><figure class='gallery-item'>\n\t\t\t<div class='gallery-icon landscape'>\n\t\t\t\t<a href='http:\/\/escaffre.com\/index.php\/impression-3d\/6eme\/'><img loading=\"lazy\" decoding=\"async\" width=\"150\" height=\"150\" src=\"http:\/\/escaffre.com\/wp-content\/uploads\/2019\/01\/6\u00e9me-150x150.png\" class=\"attachment-thumbnail size-thumbnail\" alt=\"\" aria-describedby=\"gallery-1-518\" srcset=\"http:\/\/escaffre.com\/wp-content\/uploads\/2019\/01\/6\u00e9me-150x150.png 150w, http:\/\/escaffre.com\/wp-content\/uploads\/2019\/01\/6\u00e9me-600x600.png 600w\" sizes=\"auto, (max-width: 150px) 100vw, 150px\" \/><\/a>\n\t\t\t<\/div>\n\t\t\t\t<figcaption class='wp-caption-text gallery-caption' id='gallery-1-518'>\n\t\t\t\tLa sixi\u00e8me extinction\n\t\t\t\t<\/figcaption><\/figure><figure class='gallery-item'>\n\t\t\t<div class='gallery-icon landscape'>\n\t\t\t\t<a href='http:\/\/escaffre.com\/index.php\/2016\/07\/14\/laventure-vers-limpression-3d\/collapso1\/'><img loading=\"lazy\" decoding=\"async\" width=\"150\" height=\"150\" src=\"http:\/\/escaffre.com\/wp-content\/uploads\/2019\/01\/collapso1-150x150.jpeg\" class=\"attachment-thumbnail size-thumbnail\" alt=\"impression 3d\" aria-describedby=\"gallery-1-533\" srcset=\"http:\/\/escaffre.com\/wp-content\/uploads\/2019\/01\/collapso1-150x150.jpeg 150w, http:\/\/escaffre.com\/wp-content\/uploads\/2019\/01\/collapso1-600x600.jpeg 600w\" sizes=\"auto, (max-width: 150px) 100vw, 150px\" \/><\/a>\n\t\t\t<\/div>\n\t\t\t\t<figcaption class='wp-caption-text gallery-caption' id='gallery-1-533'>\n\t\t\t\tCollapsologie 1\n\n\t\t\t\t<\/figcaption><\/figure><figure class='gallery-item'>\n\t\t\t<div class='gallery-icon portrait'>\n\t\t\t\t<a href='http:\/\/escaffre.com\/index.php\/impression-3d\/feelectric1\/'><img loading=\"lazy\" decoding=\"async\" width=\"150\" height=\"150\" src=\"http:\/\/escaffre.com\/wp-content\/uploads\/2019\/01\/f\u00e9electric1-150x150.jpeg\" class=\"attachment-thumbnail size-thumbnail\" alt=\"\" aria-describedby=\"gallery-1-517\" \/><\/a>\n\t\t\t<\/div>\n\t\t\t\t<figcaption class='wp-caption-text gallery-caption' id='gallery-1-517'>\n\t\t\t\tF\u00e9e \u00e9lectricit\u00e9\n\t\t\t\t<\/figcaption><\/figure><figure class='gallery-item'>\n\t\t\t<div class='gallery-icon portrait'>\n\t\t\t\t<a href='http:\/\/escaffre.com\/index.php\/impression-3d\/plume-du1\/'><img loading=\"lazy\" decoding=\"async\" width=\"150\" height=\"150\" src=\"http:\/\/escaffre.com\/wp-content\/uploads\/2018\/04\/plume-du1-150x150.jpg\" class=\"attachment-thumbnail size-thumbnail\" alt=\"sculpture lumineuse impression D\" aria-describedby=\"gallery-1-499\" \/><\/a>\n\t\t\t<\/div>\n\t\t\t\t<figcaption class='wp-caption-text gallery-caption' id='gallery-1-499'>\n\t\t\t\tPlume du po\u00e8te\n\t\t\t\t<\/figcaption><\/figure><figure class='gallery-item'>\n\t\t\t<div class='gallery-icon portrait'>\n\t\t\t\t<a href='http:\/\/escaffre.com\/index.php\/impression-3d\/cage1\/'><img loading=\"lazy\" decoding=\"async\" width=\"150\" height=\"150\" src=\"http:\/\/escaffre.com\/wp-content\/uploads\/2018\/04\/cage1-150x150.jpg\" class=\"attachment-thumbnail size-thumbnail\" alt=\"impression 3D filaments bronze et lin\" aria-describedby=\"gallery-1-500\" \/><\/a>\n\t\t\t<\/div>\n\t\t\t\t<figcaption class='wp-caption-text gallery-caption' id='gallery-1-500'>\n\t\t\t\tCage pour &#8230;\n\t\t\t\t<\/figcaption><\/figure><figure class='gallery-item'>\n\t\t\t<div class='gallery-icon portrait'>\n\t\t\t\t<a href='http:\/\/escaffre.com\/index.php\/impression-3d\/don-guichotte1\/'><img loading=\"lazy\" decoding=\"async\" width=\"150\" height=\"150\" src=\"http:\/\/escaffre.com\/wp-content\/uploads\/2018\/04\/don-guichotte1-150x150.jpg\" class=\"attachment-thumbnail size-thumbnail\" alt=\"Sculpture lumineuse impression 3D\" aria-describedby=\"gallery-1-501\" \/><\/a>\n\t\t\t<\/div>\n\t\t\t\t<figcaption class='wp-caption-text gallery-caption' id='gallery-1-501'>\n\t\t\t\tDon Quichotte\n\t\t\t\t<\/figcaption><\/figure><figure class='gallery-item'>\n\t\t\t<div class='gallery-icon portrait'>\n\t\t\t\t<a href='http:\/\/escaffre.com\/index.php\/impression-3d\/lum_0157\/'><img loading=\"lazy\" decoding=\"async\" width=\"150\" height=\"150\" src=\"http:\/\/escaffre.com\/wp-content\/uploads\/2017\/06\/lum_0157-150x150.png\" class=\"attachment-thumbnail size-thumbnail\" alt=\"sculpture lumineuse\" aria-describedby=\"gallery-1-352\" \/><\/a>\n\t\t\t<\/div>\n\t\t\t\t<figcaption class='wp-caption-text gallery-caption' id='gallery-1-352'>\n\t\t\t\tEtincelle d&rsquo;espoir\n\t\t\t\t<\/figcaption><\/figure><figure class='gallery-item'>\n\t\t\t<div class='gallery-icon portrait'>\n\t\t\t\t<a href='http:\/\/escaffre.com\/index.php\/impression-3d\/ondes\/'><img loading=\"lazy\" decoding=\"async\" width=\"150\" height=\"150\" src=\"http:\/\/escaffre.com\/wp-content\/uploads\/2017\/07\/ondes-150x150.jpg\" class=\"attachment-thumbnail size-thumbnail\" alt=\"impression 3D\" aria-describedby=\"gallery-1-456\" \/><\/a>\n\t\t\t<\/div>\n\t\t\t\t<figcaption class='wp-caption-text gallery-caption' id='gallery-1-456'>\n\t\t\t\tOndes \u00e9lectromagn\u00e9tiques\n\t\t\t\t<\/figcaption><\/figure><figure class='gallery-item'>\n\t\t\t<div class='gallery-icon landscape'>\n\t\t\t\t<a href='http:\/\/escaffre.com\/index.php\/impression-3d\/ahah\/'><img loading=\"lazy\" decoding=\"async\" width=\"150\" height=\"150\" src=\"http:\/\/escaffre.com\/wp-content\/uploads\/2017\/07\/ahah-150x150.jpg\" class=\"attachment-thumbnail size-thumbnail\" alt=\"impression 3D\" aria-describedby=\"gallery-1-409\" \/><\/a>\n\t\t\t<\/div>\n\t\t\t\t<figcaption class='wp-caption-text gallery-caption' id='gallery-1-409'>\n\t\t\t\tAntivirus\n\t\t\t\t<\/figcaption><\/figure><figure class='gallery-item'>\n\t\t\t<div class='gallery-icon portrait'>\n\t\t\t\t<a href='http:\/\/escaffre.com\/index.php\/impression-3d\/g_0134\/'><img loading=\"lazy\" decoding=\"async\" width=\"150\" height=\"150\" src=\"http:\/\/escaffre.com\/wp-content\/uploads\/2017\/07\/G_0134-150x150.jpg\" class=\"attachment-thumbnail size-thumbnail\" alt=\"impression 3D\" aria-describedby=\"gallery-1-460\" \/><\/a>\n\t\t\t<\/div>\n\t\t\t\t<figcaption class='wp-caption-text gallery-caption' id='gallery-1-460'>\n\t\t\t\tFlore Anarchiste\n\t\t\t\t<\/figcaption><\/figure><figure class='gallery-item'>\n\t\t\t<div class='gallery-icon portrait'>\n\t\t\t\t<a href='http:\/\/escaffre.com\/index.php\/impression-3d\/ba_166\/'><img loading=\"lazy\" decoding=\"async\" width=\"150\" height=\"150\" src=\"http:\/\/escaffre.com\/wp-content\/uploads\/2017\/06\/BA_166-150x150.png\" class=\"attachment-thumbnail size-thumbnail\" alt=\"impression 3D\" aria-describedby=\"gallery-1-351\" \/><\/a>\n\t\t\t<\/div>\n\t\t\t\t<figcaption class='wp-caption-text gallery-caption' id='gallery-1-351'>\n\t\t\t\tLa belle Andalouse\n\t\t\t\t<\/figcaption><\/figure><figure class='gallery-item'>\n\t\t\t<div class='gallery-icon landscape'>\n\t\t\t\t<a href='http:\/\/escaffre.com\/index.php\/impression-3d\/attachment\/911\/'><img loading=\"lazy\" decoding=\"async\" width=\"150\" height=\"150\" src=\"http:\/\/escaffre.com\/wp-content\/uploads\/2016\/09\/911-150x150.jpg\" class=\"attachment-thumbnail size-thumbnail\" alt=\"PLA gris\" aria-describedby=\"gallery-1-323\" srcset=\"http:\/\/escaffre.com\/wp-content\/uploads\/2016\/09\/911-150x150.jpg 150w, http:\/\/escaffre.com\/wp-content\/uploads\/2016\/09\/911-300x300.jpg 300w, http:\/\/escaffre.com\/wp-content\/uploads\/2016\/09\/911.jpg 500w\" sizes=\"auto, (max-width: 150px) 100vw, 150px\" \/><\/a>\n\t\t\t<\/div>\n\t\t\t\t<figcaption class='wp-caption-text gallery-caption' id='gallery-1-323'>\n\t\t\t\t911\n\t\t\t\t<\/figcaption><\/figure><figure class='gallery-item'>\n\t\t\t<div class='gallery-icon portrait'>\n\t\t\t\t<a href='http:\/\/escaffre.com\/index.php\/impression-3d\/lum\/'><img loading=\"lazy\" decoding=\"async\" width=\"150\" height=\"150\" src=\"http:\/\/escaffre.com\/wp-content\/uploads\/2016\/09\/lum-150x150.jpg\" class=\"attachment-thumbnail size-thumbnail\" alt=\"pla gris maquette\" aria-describedby=\"gallery-1-324\" \/><\/a>\n\t\t\t<\/div>\n\t\t\t\t<figcaption class='wp-caption-text gallery-caption' id='gallery-1-324'>\n\t\t\t\tlumiere\n\t\t\t\t<\/figcaption><\/figure><figure class='gallery-item'>\n\t\t\t<div class='gallery-icon portrait'>\n\t\t\t\t<a href='http:\/\/escaffre.com\/index.php\/2016\/07\/14\/laventure-vers-limpression-3d\/concept1\/'><img loading=\"lazy\" decoding=\"async\" width=\"150\" height=\"150\" src=\"http:\/\/escaffre.com\/wp-content\/uploads\/2016\/07\/concept1-150x150.jpg\" class=\"attachment-thumbnail size-thumbnail\" alt=\"\" aria-describedby=\"gallery-1-260\" \/><\/a>\n\t\t\t<\/div>\n\t\t\t\t<figcaption class='wp-caption-text gallery-caption' id='gallery-1-260'>\n\t\t\t\tconcept 1\n\n\t\t\t\t<\/figcaption><\/figure>\n\t\t<\/div>\n\n<\/div><\/div>\n\n\n\n<figure class=\"wp-block-gallery columns-0 is-cropped wp-block-gallery-1 is-layout-flex wp-block-gallery-is-layout-flex\"><ul class=\"blocks-gallery-grid\"><\/ul><\/figure>\n","protected":false},"excerpt":{"rendered":"","protected":false},"author":1,"featured_media":0,"parent":0,"menu_order":0,"comment_status":"closed","ping_status":"closed","template":"","meta":{"footnotes":""},"class_list":["post-321","page","type-page","status-publish","hentry"],"_links":{"self":[{"href":"http:\/\/escaffre.com\/index.php\/wp-json\/wp\/v2\/pages\/321","targetHints":{"allow":["GET"]}}],"collection":[{"href":"http:\/\/escaffre.com\/index.php\/wp-json\/wp\/v2\/pages"}],"about":[{"href":"http:\/\/escaffre.com\/index.php\/wp-json\/wp\/v2\/types\/page"}],"author":[{"embeddable":true,"href":"http:\/\/escaffre.com\/index.php\/wp-json\/wp\/v2\/users\/1"}],"replies":[{"embeddable":true,"href":"http:\/\/escaffre.com\/index.php\/wp-json\/wp\/v2\/comments?post=321"}],"version-history":[{"count":78,"href":"http:\/\/escaffre.com\/index.php\/wp-json\/wp\/v2\/pages\/321\/revisions"}],"predecessor-version":[{"id":605,"href":"http:\/\/escaffre.com\/index.php\/wp-json\/wp\/v2\/pages\/321\/revisions\/605"}],"wp:attachment":[{"href":"http:\/\/escaffre.com\/index.php\/wp-json\/wp\/v2\/media?parent=321"}],"curies":[{"name":"wp","href":"https:\/\/api.w.org\/{rel}","templated":true}]}}