{"id":127,"date":"2016-03-29T12:41:26","date_gmt":"2016-03-29T11:41:26","guid":{"rendered":"http:\/\/escaffre.com\/wordpress\/?page_id=127"},"modified":"2017-12-22T14:34:48","modified_gmt":"2017-12-22T13:34:48","slug":"reves-projets","status":"publish","type":"page","link":"http:\/\/escaffre.com\/index.php\/reves-projets\/","title":{"rendered":"R\u00eaves &#038; Projets"},"content":{"rendered":"<div id='gallery-1' class='gallery galleryid-127 gallery-columns-3 gallery-size-thumbnail'><figure class='gallery-item'>\n\t\t\t<div class='gallery-icon landscape'>\n\t\t\t\t<a href='http:\/\/escaffre.com\/index.php\/reves-projets\/arras4v\/'><img loading=\"lazy\" decoding=\"async\" width=\"150\" height=\"150\" src=\"http:\/\/escaffre.com\/wp-content\/uploads\/2016\/03\/arras4v-150x150.jpg\" class=\"attachment-thumbnail size-thumbnail\" alt=\"pr\u00e9sentation e 3D\" aria-describedby=\"gallery-1-168\" \/><\/a>\n\t\t\t<\/div>\n\t\t\t\t<figcaption class='wp-caption-text gallery-caption' id='gallery-1-168'>\n\t\t\t\tF\u00e9minit\u00e9 Pyr\u00e9n\u00e9enne\n\t\t\t\t<\/figcaption><\/figure><figure class='gallery-item'>\n\t\t\t<div class='gallery-icon landscape'>\n\t\t\t\t<a href='http:\/\/escaffre.com\/index.php\/reves-projets\/naiade-gde\/'><img loading=\"lazy\" decoding=\"async\" width=\"150\" height=\"150\" src=\"http:\/\/escaffre.com\/wp-content\/uploads\/2016\/03\/naiade-gde-150x150.jpg\" class=\"attachment-thumbnail size-thumbnail\" alt=\"projet 3D\" aria-describedby=\"gallery-1-172\" \/><\/a>\n\t\t\t<\/div>\n\t\t\t\t<figcaption class='wp-caption-text gallery-caption' id='gallery-1-172'>\n\t\t\t\tNa\u00efade, prog\u00e9niture de Zeus.\n\t\t\t\t<\/figcaption><\/figure><figure class='gallery-item'>\n\t\t\t<div class='gallery-icon landscape'>\n\t\t\t\t<a href='http:\/\/escaffre.com\/index.php\/reves-projets\/naiade-pte\/'><img loading=\"lazy\" decoding=\"async\" width=\"150\" height=\"150\" src=\"http:\/\/escaffre.com\/wp-content\/uploads\/2016\/03\/naiade-pte-150x150.jpg\" class=\"attachment-thumbnail size-thumbnail\" alt=\"projet 3D\" aria-describedby=\"gallery-1-173\" \/><\/a>\n\t\t\t<\/div>\n\t\t\t\t<figcaption class='wp-caption-text gallery-caption' id='gallery-1-173'>\n\t\t\t\tNa\u00efade, prog\u00e9niture de Zeus.\n\t\t\t\t<\/figcaption><\/figure><figure class='gallery-item'>\n\t\t\t<div class='gallery-icon portrait'>\n\t\t\t\t<a href='http:\/\/escaffre.com\/index.php\/reves-projets\/naiadesgde-3\/'><img loading=\"lazy\" decoding=\"async\" width=\"150\" height=\"150\" src=\"http:\/\/escaffre.com\/wp-content\/uploads\/2016\/03\/naiadesgde-3-150x150.jpg\" class=\"attachment-thumbnail size-thumbnail\" alt=\"projet3D\" aria-describedby=\"gallery-1-174\" \/><\/a>\n\t\t\t<\/div>\n\t\t\t\t<figcaption class='wp-caption-text gallery-caption' id='gallery-1-174'>\n\t\t\t\tNa\u00efade, prog\u00e9niture de Zeus.\n\t\t\t\t<\/figcaption><\/figure><figure class='gallery-item'>\n\t\t\t<div class='gallery-icon landscape'>\n\t\t\t\t<a href='http:\/\/escaffre.com\/index.php\/reves-projets\/naiadespts3\/'><img loading=\"lazy\" decoding=\"async\" width=\"150\" height=\"150\" src=\"http:\/\/escaffre.com\/wp-content\/uploads\/2016\/03\/naiadespts3-150x150.jpg\" class=\"attachment-thumbnail size-thumbnail\" alt=\"projet 3D\" aria-describedby=\"gallery-1-175\" \/><\/a>\n\t\t\t<\/div>\n\t\t\t\t<figcaption class='wp-caption-text gallery-caption' id='gallery-1-175'>\n\t\t\t\tNa\u00efade, prog\u00e9niture de Zeus.\n\t\t\t\t<\/figcaption><\/figure><figure class='gallery-item'>\n\t\t\t<div class='gallery-icon landscape'>\n\t\t\t\t<a href='http:\/\/escaffre.com\/index.php\/reves-projets\/cromelech\/'><img loading=\"lazy\" decoding=\"async\" width=\"150\" height=\"150\" src=\"http:\/\/escaffre.com\/wp-content\/uploads\/2016\/03\/cromelech-150x150.jpg\" class=\"attachment-thumbnail size-thumbnail\" alt=\"projet 3D\" aria-describedby=\"gallery-1-171\" \/><\/a>\n\t\t\t<\/div>\n\t\t\t\t<figcaption class='wp-caption-text gallery-caption' id='gallery-1-171'>\n\t\t\t\tCromelech\n\t\t\t\t<\/figcaption><\/figure><figure class='gallery-item'>\n\t\t\t<div class='gallery-icon portrait'>\n\t\t\t\t<a href='http:\/\/escaffre.com\/index.php\/reves-projets\/savoir\/'><img loading=\"lazy\" decoding=\"async\" width=\"150\" height=\"150\" src=\"http:\/\/escaffre.com\/wp-content\/uploads\/2016\/03\/savoir-150x150.jpg\" class=\"attachment-thumbnail size-thumbnail\" alt=\"projet 3D\" aria-describedby=\"gallery-1-176\" \/><\/a>\n\t\t\t<\/div>\n\t\t\t\t<figcaption class='wp-caption-text gallery-caption' id='gallery-1-176'>\n\t\t\t\tColonnes du savoir\n\t\t\t\t<\/figcaption><\/figure><figure class='gallery-item'>\n\t\t\t<div class='gallery-icon portrait'>\n\t\t\t\t<a href='http:\/\/escaffre.com\/index.php\/reves-projets\/soleil\/'><img loading=\"lazy\" decoding=\"async\" width=\"150\" height=\"150\" src=\"http:\/\/escaffre.com\/wp-content\/uploads\/2016\/03\/soleil-150x150.jpg\" class=\"attachment-thumbnail size-thumbnail\" alt=\"projet 3D\" aria-describedby=\"gallery-1-177\" \/><\/a>\n\t\t\t<\/div>\n\t\t\t\t<figcaption class='wp-caption-text gallery-caption' id='gallery-1-177'>\n\t\t\t\t       Porte du soleil\n\t\t\t\t<\/figcaption><\/figure>\n\t\t<\/div>\n\n","protected":false},"excerpt":{"rendered":"","protected":false},"author":1,"featured_media":0,"parent":0,"menu_order":0,"comment_status":"closed","ping_status":"closed","template":"","meta":{"footnotes":""},"class_list":["post-127","page","type-page","status-publish","hentry"],"_links":{"self":[{"href":"http:\/\/escaffre.com\/index.php\/wp-json\/wp\/v2\/pages\/127","targetHints":{"allow":["GET"]}}],"collection":[{"href":"http:\/\/escaffre.com\/index.php\/wp-json\/wp\/v2\/pages"}],"about":[{"href":"http:\/\/escaffre.com\/index.php\/wp-json\/wp\/v2\/types\/page"}],"author":[{"embeddable":true,"href":"http:\/\/escaffre.com\/index.php\/wp-json\/wp\/v2\/users\/1"}],"replies":[{"embeddable":true,"href":"http:\/\/escaffre.com\/index.php\/wp-json\/wp\/v2\/comments?post=127"}],"version-history":[{"count":10,"href":"http:\/\/escaffre.com\/index.php\/wp-json\/wp\/v2\/pages\/127\/revisions"}],"predecessor-version":[{"id":455,"href":"http:\/\/escaffre.com\/index.php\/wp-json\/wp\/v2\/pages\/127\/revisions\/455"}],"wp:attachment":[{"href":"http:\/\/escaffre.com\/index.php\/wp-json\/wp\/v2\/media?parent=127"}],"curies":[{"name":"wp","href":"https:\/\/api.w.org\/{rel}","templated":true}]}}