{"id":125,"date":"2016-03-29T12:40:39","date_gmt":"2016-03-29T11:40:39","guid":{"rendered":"http:\/\/escaffre.com\/wordpress\/?page_id=125"},"modified":"2017-12-22T09:13:43","modified_gmt":"2017-12-22T08:13:43","slug":"galerie-conception","status":"publish","type":"page","link":"http:\/\/escaffre.com\/index.php\/galerie-conception\/","title":{"rendered":"Galerie design"},"content":{"rendered":"<p>Discipline visant \u00e0 une harmonisation de l&rsquo;environnement humain, depuis la conception des objets usuels jusqu&rsquo;\u00e0 l&rsquo;urbanisme (d\u00e9finition LAROUSSE)<\/p>\n<p>Vous d\u00e9couvrirez des fontaines\u00a0pour jouer avec les mouvements de l\u2019eau, ruissellement ou reflets sur le marbre.<\/p>\n<p>Vous d\u00e9couvrirez aussi des bornes d\u2019\u00e9clairage. Le jour, ces bornes sculpt\u00e9es animent l\u2019espace et la nuit elles servent de rep\u00e8res lumineux. Utilis\u00e9es seules ou en nombre, elles peuvent servir \u00e0 l\u2019am\u00e9nagement de l\u2019espace publique, terre-plein, jardin etc. . . .<\/p>\n<p>Merci de visiter aussi la page <a href=\"http:\/\/escaffre.com\/wordpress\/index.php\/reves-projets\/\">\u00ab\u00a0R\u00eaves &amp; Projets\u00a0\u00bb<\/a><\/p>\n<p>&nbsp;<\/p>\n<div id='gallery-1' class='gallery galleryid-125 gallery-columns-4 gallery-size-thumbnail'><figure class='gallery-item'>\n\t\t\t<div class='gallery-icon portrait'>\n\t\t\t\t<a href='http:\/\/escaffre.com\/index.php\/galerie-conception\/_cycle-eau\/'><img loading=\"lazy\" decoding=\"async\" width=\"150\" height=\"150\" src=\"http:\/\/escaffre.com\/wp-content\/uploads\/2016\/03\/cycle-eau-150x150.jpg\" class=\"attachment-thumbnail size-thumbnail\" alt=\"sculpture fontaine marbre\" aria-describedby=\"gallery-1-149\" \/><\/a>\n\t\t\t<\/div>\n\t\t\t\t<figcaption class='wp-caption-text gallery-caption' id='gallery-1-149'>\n\t\t\t\tCYCLE DE L\u2019EAU\n\t\t\t\t<\/figcaption><\/figure><figure class='gallery-item'>\n\t\t\t<div class='gallery-icon portrait'>\n\t\t\t\t<a href='http:\/\/escaffre.com\/index.php\/galerie-conception\/planeteau\/'><img loading=\"lazy\" decoding=\"async\" width=\"150\" height=\"150\" src=\"http:\/\/escaffre.com\/wp-content\/uploads\/2016\/03\/planeteau-150x150.jpg\" class=\"attachment-thumbnail size-thumbnail\" alt=\"sculpture marbre fontaine\" aria-describedby=\"gallery-1-161\" \/><\/a>\n\t\t\t<\/div>\n\t\t\t\t<figcaption class='wp-caption-text gallery-caption' id='gallery-1-161'>\n\t\t\t\tPLAN\u00c8TE EAU (fontaine)\n\t\t\t\t<\/figcaption><\/figure><figure class='gallery-item'>\n\t\t\t<div class='gallery-icon landscape'>\n\t\t\t\t<a href='http:\/\/escaffre.com\/index.php\/galerie-conception\/table-boule\/'><img loading=\"lazy\" decoding=\"async\" width=\"150\" height=\"150\" src=\"http:\/\/escaffre.com\/wp-content\/uploads\/2016\/03\/table-boule-150x150.jpg\" class=\"attachment-thumbnail size-thumbnail\" alt=\"table basse fontaine marbre\" aria-describedby=\"gallery-1-165\" \/><\/a>\n\t\t\t<\/div>\n\t\t\t\t<figcaption class='wp-caption-text gallery-caption' id='gallery-1-165'>\n\t\t\t\tTABLE BASSE FONTAINE\n\t\t\t\t<\/figcaption><\/figure><figure class='gallery-item'>\n\t\t\t<div class='gallery-icon portrait'>\n\t\t\t\t<a href='http:\/\/escaffre.com\/index.php\/galerie-conception\/table-basse-cactus\/'><img loading=\"lazy\" decoding=\"async\" width=\"150\" height=\"150\" src=\"http:\/\/escaffre.com\/wp-content\/uploads\/2016\/03\/table-basse-cactus-150x150.jpg\" class=\"attachment-thumbnail size-thumbnail\" alt=\"tables basse marbre\" aria-describedby=\"gallery-1-218\" \/><\/a>\n\t\t\t<\/div>\n\t\t\t\t<figcaption class='wp-caption-text gallery-caption' id='gallery-1-218'>\n\t\t\t\tTABLE BASSE CACTUS\n\t\t\t\t<\/figcaption><\/figure><figure class='gallery-item'>\n\t\t\t<div class='gallery-icon portrait'>\n\t\t\t\t<a href='http:\/\/escaffre.com\/index.php\/galerie-conception\/tablboule-v\/'><img loading=\"lazy\" decoding=\"async\" width=\"150\" height=\"150\" src=\"http:\/\/escaffre.com\/wp-content\/uploads\/2016\/03\/tablboule-v-150x150.jpg\" class=\"attachment-thumbnail size-thumbnail\" alt=\"table basse fontaine sculpture marbre\" aria-describedby=\"gallery-1-164\" \/><\/a>\n\t\t\t<\/div>\n\t\t\t\t<figcaption class='wp-caption-text gallery-caption' id='gallery-1-164'>\n\t\t\t\tD\u00e9tail, table basse\n\t\t\t\t<\/figcaption><\/figure><figure class='gallery-item'>\n\t\t\t<div class='gallery-icon portrait'>\n\t\t\t\t<a href='http:\/\/escaffre.com\/index.php\/galerie-conception\/resurgence\/'><img loading=\"lazy\" decoding=\"async\" width=\"150\" height=\"150\" src=\"http:\/\/escaffre.com\/wp-content\/uploads\/2016\/03\/resurgence-150x150.jpg\" class=\"attachment-thumbnail size-thumbnail\" alt=\"sculpture fontaine marbre\" aria-describedby=\"gallery-1-162\" \/><\/a>\n\t\t\t<\/div>\n\t\t\t\t<figcaption class='wp-caption-text gallery-caption' id='gallery-1-162'>\n\t\t\t\tR\u00c9SURGENCE (fontaine)\n\t\t\t\t<\/figcaption><\/figure><figure class='gallery-item'>\n\t\t\t<div class='gallery-icon landscape'>\n\t\t\t\t<a href='http:\/\/escaffre.com\/index.php\/galerie-conception\/plan_eau\/'><img loading=\"lazy\" decoding=\"async\" width=\"150\" height=\"150\" src=\"http:\/\/escaffre.com\/wp-content\/uploads\/2016\/03\/plan_eau-150x150.jpg\" class=\"attachment-thumbnail size-thumbnail\" alt=\"sculpture fontaine marbre\" aria-describedby=\"gallery-1-160\" \/><\/a>\n\t\t\t<\/div>\n\t\t\t\t<figcaption class='wp-caption-text gallery-caption' id='gallery-1-160'>\n\t\t\t\tFONTAINES\n\t\t\t\t<\/figcaption><\/figure><figure class='gallery-item'>\n\t\t\t<div class='gallery-icon portrait'>\n\t\t\t\t<a href='http:\/\/escaffre.com\/index.php\/galerie-conception\/miroir-deau\/'><img loading=\"lazy\" decoding=\"async\" width=\"150\" height=\"150\" src=\"http:\/\/escaffre.com\/wp-content\/uploads\/2016\/03\/miroir-deau-150x150.jpg\" class=\"attachment-thumbnail size-thumbnail\" alt=\"sculpture fontaine marbre\" aria-describedby=\"gallery-1-158\" \/><\/a>\n\t\t\t<\/div>\n\t\t\t\t<figcaption class='wp-caption-text gallery-caption' id='gallery-1-158'>\n\t\t\t\tMIROIR D\u2019EAU (fontaine)\n\t\t\t\t<\/figcaption><\/figure><figure class='gallery-item'>\n\t\t\t<div class='gallery-icon landscape'>\n\t\t\t\t<a href='http:\/\/escaffre.com\/index.php\/galerie-conception\/fontaine-1\/'><img loading=\"lazy\" decoding=\"async\" width=\"150\" height=\"150\" src=\"http:\/\/escaffre.com\/wp-content\/uploads\/2016\/03\/Fontaine-1-150x150.jpg\" class=\"attachment-thumbnail size-thumbnail\" alt=\"sculpture fontaine marbre\" aria-describedby=\"gallery-1-155\" \/><\/a>\n\t\t\t<\/div>\n\t\t\t\t<figcaption class='wp-caption-text gallery-caption' id='gallery-1-155'>\n\t\t\t\tFONTAINES (arches)\n\n\t\t\t\t<\/figcaption><\/figure><figure class='gallery-item'>\n\t\t\t<div class='gallery-icon landscape'>\n\t\t\t\t<a href='http:\/\/escaffre.com\/index.php\/galerie-conception\/arche_lum\/'><img loading=\"lazy\" decoding=\"async\" width=\"150\" height=\"150\" src=\"http:\/\/escaffre.com\/wp-content\/uploads\/2016\/03\/arche_lum-150x150.jpg\" class=\"attachment-thumbnail size-thumbnail\" alt=\"\u00e9clairage sculpture marbre\" aria-describedby=\"gallery-1-150\" \/><\/a>\n\t\t\t<\/div>\n\t\t\t\t<figcaption class='wp-caption-text gallery-caption' id='gallery-1-150'>\n\t\t\t\tARCHE LUMINEUSE\n\t\t\t\t<\/figcaption><\/figure><figure class='gallery-item'>\n\t\t\t<div class='gallery-icon landscape'>\n\t\t\t\t<a href='http:\/\/escaffre.com\/index.php\/galerie-conception\/bornes2ae\/'><img loading=\"lazy\" decoding=\"async\" width=\"150\" height=\"150\" src=\"http:\/\/escaffre.com\/wp-content\/uploads\/2016\/03\/bornes2ae-150x150.jpg\" class=\"attachment-thumbnail size-thumbnail\" alt=\"\u00e9clairage sculpture marbre\" aria-describedby=\"gallery-1-154\" srcset=\"http:\/\/escaffre.com\/wp-content\/uploads\/2016\/03\/bornes2ae-150x150.jpg 150w, http:\/\/escaffre.com\/wp-content\/uploads\/2016\/03\/bornes2ae-300x300.jpg 300w, http:\/\/escaffre.com\/wp-content\/uploads\/2016\/03\/bornes2ae.jpg 500w\" sizes=\"auto, (max-width: 150px) 100vw, 150px\" \/><\/a>\n\t\t\t<\/div>\n\t\t\t\t<figcaption class='wp-caption-text gallery-caption' id='gallery-1-154'>\n\t\t\t\tBORNE LUMINEUSE\n\t\t\t\t<\/figcaption><\/figure><figure class='gallery-item'>\n\t\t\t<div class='gallery-icon portrait'>\n\t\t\t\t<a href='http:\/\/escaffre.com\/index.php\/galerie-conception\/borne2\/'><img loading=\"lazy\" decoding=\"async\" width=\"150\" height=\"150\" src=\"http:\/\/escaffre.com\/wp-content\/uploads\/2016\/03\/borne2-150x150.jpg\" class=\"attachment-thumbnail size-thumbnail\" alt=\"\u00e9clairage suclpture marbre\" aria-describedby=\"gallery-1-152\" \/><\/a>\n\t\t\t<\/div>\n\t\t\t\t<figcaption class='wp-caption-text gallery-caption' id='gallery-1-152'>\n\t\t\t\tBORNE LUMINEUSE\n\t\t\t\t<\/figcaption><\/figure><figure class='gallery-item'>\n\t\t\t<div class='gallery-icon portrait'>\n\t\t\t\t<a href='http:\/\/escaffre.com\/index.php\/galerie-conception\/borne3\/'><img loading=\"lazy\" decoding=\"async\" width=\"150\" height=\"150\" src=\"http:\/\/escaffre.com\/wp-content\/uploads\/2016\/03\/borne3-150x150.jpg\" class=\"attachment-thumbnail size-thumbnail\" alt=\"\u00e9clairage sculpture marbre\" aria-describedby=\"gallery-1-153\" \/><\/a>\n\t\t\t<\/div>\n\t\t\t\t<figcaption class='wp-caption-text gallery-caption' id='gallery-1-153'>\n\t\t\t\tBORNE LUMINEUSE\n\t\t\t\t<\/figcaption><\/figure><figure class='gallery-item'>\n\t\t\t<div class='gallery-icon portrait'>\n\t\t\t\t<a href='http:\/\/escaffre.com\/index.php\/galerie-conception\/lumsign2\/'><img loading=\"lazy\" decoding=\"async\" width=\"150\" height=\"150\" src=\"http:\/\/escaffre.com\/wp-content\/uploads\/2016\/03\/lumsign2-150x150.jpg\" class=\"attachment-thumbnail size-thumbnail\" alt=\"lumi\u00e8re sculpture marbre\" aria-describedby=\"gallery-1-156\" \/><\/a>\n\t\t\t<\/div>\n\t\t\t\t<figcaption class='wp-caption-text gallery-caption' id='gallery-1-156'>\n\t\t\t\tSIGNAL LUMINEUX\n\t\t\t\t<\/figcaption><\/figure><figure class='gallery-item'>\n\t\t\t<div class='gallery-icon portrait'>\n\t\t\t\t<a href='http:\/\/escaffre.com\/index.php\/galerie-conception\/lumsign3\/'><img loading=\"lazy\" decoding=\"async\" width=\"150\" height=\"150\" src=\"http:\/\/escaffre.com\/wp-content\/uploads\/2016\/03\/lumsign3-150x150.jpg\" class=\"attachment-thumbnail size-thumbnail\" alt=\"lumi\u00e8re sculpture marbre\" aria-describedby=\"gallery-1-157\" \/><\/a>\n\t\t\t<\/div>\n\t\t\t\t<figcaption class='wp-caption-text gallery-caption' id='gallery-1-157'>\n\t\t\t\tSIGNAL LUMINEUX\n\t\t\t\t<\/figcaption><\/figure><figure class='gallery-item'>\n\t\t\t<div class='gallery-icon portrait'>\n\t\t\t\t<a href='http:\/\/escaffre.com\/index.php\/galerie-conception\/signlum_gd\/'><img loading=\"lazy\" decoding=\"async\" width=\"150\" height=\"150\" src=\"http:\/\/escaffre.com\/wp-content\/uploads\/2016\/03\/signlum_gd-150x150.jpg\" class=\"attachment-thumbnail size-thumbnail\" alt=\"lumi\u00e8re sculpture marbre\" aria-describedby=\"gallery-1-163\" \/><\/a>\n\t\t\t<\/div>\n\t\t\t\t<figcaption class='wp-caption-text gallery-caption' id='gallery-1-163'>\n\t\t\t\tSIGNAL LUMINEUX\n\t\t\t\t<\/figcaption><\/figure><figure class='gallery-item'>\n\t\t\t<div class='gallery-icon landscape'>\n\t\t\t\t<a href='http:\/\/escaffre.com\/index.php\/galerie-conception\/mural\/'><img loading=\"lazy\" decoding=\"async\" width=\"150\" height=\"150\" src=\"http:\/\/escaffre.com\/wp-content\/uploads\/2016\/03\/mural-150x150.jpg\" class=\"attachment-thumbnail size-thumbnail\" alt=\"eclairage mural sculpture\" aria-describedby=\"gallery-1-159\" \/><\/a>\n\t\t\t<\/div>\n\t\t\t\t<figcaption class='wp-caption-text gallery-caption' id='gallery-1-159'>\n\t\t\t\t\u00c9CLAIRAGE MURAL\n\t\t\t\t<\/figcaption><\/figure>\n\t\t<\/div>\n\n","protected":false},"excerpt":{"rendered":"<p>Discipline visant \u00e0 une harmonisation de l&rsquo;environnement humain, depuis la conception des objets usuels jusqu&rsquo;\u00e0 l&rsquo;urbanisme (d\u00e9finition LAROUSSE) Vous d\u00e9couvrirez des fontaines\u00a0pour jouer&#8230;<\/p>\n","protected":false},"author":1,"featured_media":0,"parent":0,"menu_order":0,"comment_status":"closed","ping_status":"closed","template":"","meta":{"footnotes":""},"class_list":["post-125","page","type-page","status-publish","hentry"],"_links":{"self":[{"href":"http:\/\/escaffre.com\/index.php\/wp-json\/wp\/v2\/pages\/125","targetHints":{"allow":["GET"]}}],"collection":[{"href":"http:\/\/escaffre.com\/index.php\/wp-json\/wp\/v2\/pages"}],"about":[{"href":"http:\/\/escaffre.com\/index.php\/wp-json\/wp\/v2\/types\/page"}],"author":[{"embeddable":true,"href":"http:\/\/escaffre.com\/index.php\/wp-json\/wp\/v2\/users\/1"}],"replies":[{"embeddable":true,"href":"http:\/\/escaffre.com\/index.php\/wp-json\/wp\/v2\/comments?post=125"}],"version-history":[{"count":8,"href":"http:\/\/escaffre.com\/index.php\/wp-json\/wp\/v2\/pages\/125\/revisions"}],"predecessor-version":[{"id":219,"href":"http:\/\/escaffre.com\/index.php\/wp-json\/wp\/v2\/pages\/125\/revisions\/219"}],"wp:attachment":[{"href":"http:\/\/escaffre.com\/index.php\/wp-json\/wp\/v2\/media?parent=125"}],"curies":[{"name":"wp","href":"https:\/\/api.w.org\/{rel}","templated":true}]}}